{"id":175,"date":"2026-04-13T10:06:53","date_gmt":"2026-04-13T08:06:53","guid":{"rendered":"https:\/\/fragmind.fr\/?page_id=175"},"modified":"2026-04-28T23:48:25","modified_gmt":"2026-04-28T21:48:25","slug":"maps","status":"publish","type":"page","link":"https:\/\/fragmind.fr\/?page_id=175","title":{"rendered":"Maps"},"content":{"rendered":"\t\t<div data-elementor-type=\"wp-page\" data-elementor-id=\"175\" class=\"elementor elementor-175\" data-elementor-post-type=\"page\">\n\t\t\t\t<div class=\"elementor-element elementor-element-1194ced e-flex e-con-boxed e-con e-parent\" data-id=\"1194ced\" data-element_type=\"container\" data-e-type=\"container\">\n\t\t\t\t\t<div class=\"e-con-inner\">\n\t\t\t\t\t\t\t<h2 \n\t\tdata-interaction-id=\"587f3e8\" \n\t\tclass=\"e-heading-base\" \n\t\t \n\t\tdata-e-type=\"widget\" data-id=\"587f3e8\"\n\t>\n\t\n\t\t\tToutes les maps de Valorant \u2013 guides et astuces\n\t\t<\/h2>\n\t\t\t\t<div class=\"elementor-element elementor-element-589ac95 elementor-widget elementor-widget-text-editor\" data-id=\"589ac95\" data-element_type=\"widget\" data-e-type=\"widget\" data-widget_type=\"text-editor.default\">\n\t\t\t\t\t\t\t\t\t<p>Bienvenue sur la page d\u00e9di\u00e9e aux maps de Valorant.<br data-start=\"391\" data-end=\"394\" \/>Ici tu retrouveras tous les guides d\u00e9taill\u00e9s pour chaque carte du jeu, avec des conseils pour mieux attaquer, d\u00e9fendre et contr\u00f4ler la map.<\/p>\t\t\t\t\t\t\t\t<\/div>\n\t\t\t\t\t<\/div>\n\t\t\t\t<\/div>\n\t\t<div class=\"elementor-element elementor-element-7b9066b e-grid e-con-boxed e-con e-parent\" data-id=\"7b9066b\" data-element_type=\"container\" data-e-type=\"container\">\n\t\t\t\t\t<div class=\"e-con-inner\">\n\t\t\t\t\t\t\t<h2 \n\t\tdata-interaction-id=\"9ec7510\" \n\t\tclass=\"e-heading-base\" \n\t\t \n\t\tdata-e-type=\"widget\" data-id=\"9ec7510\"\n\t>\n\t\n\t\t\t<a \n\t\t\thref=\"https:\/\/fragmind.fr\/?p=159\" target=\"_self\"\n\t\t\tclass=\"e-heading-link-base\">\n\t\t\tAscent\n\t\t<\/a>\n\t\t<\/h2>\n\t\t\t\t\t\t\t<h2 \n\t\tdata-interaction-id=\"394e9f4\" \n\t\tclass=\"e-heading-base\" \n\t\t \n\t\tdata-e-type=\"widget\" data-id=\"394e9f4\"\n\t>\n\t\n\t\t\t<a \n\t\t\thref=\"https:\/\/fragmind.fr\/?p=155\" target=\"_self\"\n\t\t\tclass=\"e-heading-link-base\">\n\t\t\tHaven \n\t\t<\/a>\n\t\t<\/h2>\n\t\t\t\t\t\t\t<h2 \n\t\tdata-interaction-id=\"1d7227b\" \n\t\tclass=\"e-heading-base\" \n\t\t \n\t\tdata-e-type=\"widget\" data-id=\"1d7227b\"\n\t>\n\t\n\t\t\t<a \n\t\t\thref=\"https:\/\/fragmind.fr\/?p=153\" target=\"_self\"\n\t\t\tclass=\"e-heading-link-base\">\n\t\t\tBind\n\t\t<\/a>\n\t\t<\/h2>\n\t\t\t\t\t\t\t\n\t\t\t<img class=\"e-image-base \" \n\t\t\t\t\tdata-interaction-id=\"539facd\" \n\t\t \n\t\t data-e-type=\"widget\" data-id=\"539facd\"\n\t\t\t\t\t\t\t\t\tid=\"275\"\n\t\t\t\t\t\t\t\t\t\t\t\tsrc=\"https:\/\/fragmind.fr\/wp-content\/uploads\/2026\/04\/Loading_Screen_Ascent.webp\"\n\t\t\t\t\t\t\t\t\t\t\t\twidth=\"1920\"\n\t\t\t\t\t\t\t\t\t\t\t\theight=\"1080\"\n\t\t\t\t\t\t\t\t\t\t\t\tsrcset=\"https:\/\/fragmind.fr\/wp-content\/uploads\/2026\/04\/Loading_Screen_Ascent.webp 1920w, https:\/\/fragmind.fr\/wp-content\/uploads\/2026\/04\/Loading_Screen_Ascent-300x169.webp 300w, https:\/\/fragmind.fr\/wp-content\/uploads\/2026\/04\/Loading_Screen_Ascent-1024x576.webp 1024w, https:\/\/fragmind.fr\/wp-content\/uploads\/2026\/04\/Loading_Screen_Ascent-768x432.webp 768w, https:\/\/fragmind.fr\/wp-content\/uploads\/2026\/04\/Loading_Screen_Ascent-1536x864.webp 1536w\"\n\t\t\t\t\t\t\t\t\t\t\t\talt=\"\"\n\t\t\t\t\t\t\/>\n\t\t\t\t\t\t\t\t\n\t\t\t<img class=\"e-image-base \" \n\t\t\t\t\tdata-interaction-id=\"20f836c\" \n\t\t \n\t\t data-e-type=\"widget\" data-id=\"20f836c\"\n\t\t\t\t\t\t\t\t\tid=\"265\"\n\t\t\t\t\t\t\t\t\t\t\t\tsrc=\"https:\/\/fragmind.fr\/wp-content\/uploads\/2026\/04\/Loading_Screen_Haven.webp\"\n\t\t\t\t\t\t\t\t\t\t\t\twidth=\"1920\"\n\t\t\t\t\t\t\t\t\t\t\t\theight=\"1080\"\n\t\t\t\t\t\t\t\t\t\t\t\tsrcset=\"https:\/\/fragmind.fr\/wp-content\/uploads\/2026\/04\/Loading_Screen_Haven.webp 1920w, https:\/\/fragmind.fr\/wp-content\/uploads\/2026\/04\/Loading_Screen_Haven-300x169.webp 300w, https:\/\/fragmind.fr\/wp-content\/uploads\/2026\/04\/Loading_Screen_Haven-1024x576.webp 1024w, https:\/\/fragmind.fr\/wp-content\/uploads\/2026\/04\/Loading_Screen_Haven-768x432.webp 768w, https:\/\/fragmind.fr\/wp-content\/uploads\/2026\/04\/Loading_Screen_Haven-1536x864.webp 1536w\"\n\t\t\t\t\t\t\t\t\t\t\t\talt=\"\"\n\t\t\t\t\t\t\/>\n\t\t\t\t\t\t\t\t\n\t\t\t<img class=\"e-image-base \" \n\t\t\t\t\tdata-interaction-id=\"361a50d\" \n\t\t \n\t\t data-e-type=\"widget\" data-id=\"361a50d\"\n\t\t\t\t\t\t\t\t\tid=\"152\"\n\t\t\t\t\t\t\t\t\t\t\t\tsrc=\"https:\/\/fragmind.fr\/wp-content\/uploads\/2026\/04\/image_2026-04-13_095632424.png\"\n\t\t\t\t\t\t\t\t\t\t\t\twidth=\"1920\"\n\t\t\t\t\t\t\t\t\t\t\t\theight=\"1080\"\n\t\t\t\t\t\t\t\t\t\t\t\tsrcset=\"https:\/\/fragmind.fr\/wp-content\/uploads\/2026\/04\/image_2026-04-13_095632424.png 1920w, https:\/\/fragmind.fr\/wp-content\/uploads\/2026\/04\/image_2026-04-13_095632424-300x169.png 300w, https:\/\/fragmind.fr\/wp-content\/uploads\/2026\/04\/image_2026-04-13_095632424-1024x576.png 1024w, https:\/\/fragmind.fr\/wp-content\/uploads\/2026\/04\/image_2026-04-13_095632424-768x432.png 768w, https:\/\/fragmind.fr\/wp-content\/uploads\/2026\/04\/image_2026-04-13_095632424-1536x864.png 1536w\"\n\t\t\t\t\t\t\t\t\t\t\t\talt=\"\"\n\t\t\t\t\t\t\/>\n\t\t\t\t\t\t<\/div>\n\t\t\t\t<\/div>\n\t\t<div class=\"elementor-element elementor-element-d53f7c6 e-grid e-con-boxed e-con e-parent\" data-id=\"d53f7c6\" data-element_type=\"container\" data-e-type=\"container\">\n\t\t\t\t\t<div class=\"e-con-inner\">\n\t\t\t\t\t\t\t<h2 \n\t\tdata-interaction-id=\"dfbcdb1\" \n\t\tclass=\"e-heading-base\" \n\t\t \n\t\tdata-e-type=\"widget\" data-id=\"dfbcdb1\"\n\t>\n\t\n\t\t\t<a \n\t\t\thref=\"https:\/\/fragmind.fr\/?p=157\" target=\"_self\"\n\t\t\tclass=\"e-heading-link-base\">\n\t\t\tSplit\n\t\t<\/a>\n\t\t<\/h2>\n\t\t\t\t\t\t\t<h2 \n\t\tdata-interaction-id=\"efc5224\" \n\t\tclass=\"e-heading-base\" \n\t\t \n\t\tdata-e-type=\"widget\" data-id=\"efc5224\"\n\t>\n\t\n\t\t\t<a \n\t\t\thref=\"https:\/\/fragmind.fr\/?p=161\" target=\"_self\"\n\t\t\tclass=\"e-heading-link-base\">\n\t\t\tIcebox\n\t\t<\/a>\n\t\t<\/h2>\n\t\t\t\t\t\t\t<h2 \n\t\tdata-interaction-id=\"caaba02\" \n\t\tclass=\"e-heading-base\" \n\t\t \n\t\tdata-e-type=\"widget\" data-id=\"caaba02\"\n\t>\n\t\n\t\t\t<a \n\t\t\thref=\"https:\/\/fragmind.fr\/?p=163\" target=\"_self\"\n\t\t\tclass=\"e-heading-link-base\">\n\t\t\tBreeze\n\t\t<\/a>\n\t\t<\/h2>\n\t\t\t\t\t\t\t\n\t\t\t<img class=\"e-image-base \" \n\t\t\t\t\tdata-interaction-id=\"5744964\" \n\t\t \n\t\t data-e-type=\"widget\" data-id=\"5744964\"\n\t\t\t\t\t\t\t\t\tid=\"270\"\n\t\t\t\t\t\t\t\t\t\t\t\tsrc=\"https:\/\/fragmind.fr\/wp-content\/uploads\/2026\/04\/Loading_Screen_Split.webp\"\n\t\t\t\t\t\t\t\t\t\t\t\twidth=\"1920\"\n\t\t\t\t\t\t\t\t\t\t\t\theight=\"1080\"\n\t\t\t\t\t\t\t\t\t\t\t\tsrcset=\"https:\/\/fragmind.fr\/wp-content\/uploads\/2026\/04\/Loading_Screen_Split.webp 1920w, https:\/\/fragmind.fr\/wp-content\/uploads\/2026\/04\/Loading_Screen_Split-300x169.webp 300w, https:\/\/fragmind.fr\/wp-content\/uploads\/2026\/04\/Loading_Screen_Split-1024x576.webp 1024w, https:\/\/fragmind.fr\/wp-content\/uploads\/2026\/04\/Loading_Screen_Split-768x432.webp 768w, https:\/\/fragmind.fr\/wp-content\/uploads\/2026\/04\/Loading_Screen_Split-1536x864.webp 1536w\"\n\t\t\t\t\t\t\t\t\t\t\t\talt=\"\"\n\t\t\t\t\t\t\/>\n\t\t\t\t\t\t\t\t\n\t\t\t<img class=\"e-image-base \" \n\t\t\t\t\tdata-interaction-id=\"2709f3d\" \n\t\t \n\t\t data-e-type=\"widget\" data-id=\"2709f3d\"\n\t\t\t\t\t\t\t\t\tid=\"280\"\n\t\t\t\t\t\t\t\t\t\t\t\tsrc=\"https:\/\/fragmind.fr\/wp-content\/uploads\/2026\/04\/Loading_Screen_Icebox.webp\"\n\t\t\t\t\t\t\t\t\t\t\t\twidth=\"1920\"\n\t\t\t\t\t\t\t\t\t\t\t\theight=\"1080\"\n\t\t\t\t\t\t\t\t\t\t\t\tsrcset=\"https:\/\/fragmind.fr\/wp-content\/uploads\/2026\/04\/Loading_Screen_Icebox.webp 1920w, https:\/\/fragmind.fr\/wp-content\/uploads\/2026\/04\/Loading_Screen_Icebox-300x169.webp 300w, https:\/\/fragmind.fr\/wp-content\/uploads\/2026\/04\/Loading_Screen_Icebox-1024x576.webp 1024w, https:\/\/fragmind.fr\/wp-content\/uploads\/2026\/04\/Loading_Screen_Icebox-768x432.webp 768w, https:\/\/fragmind.fr\/wp-content\/uploads\/2026\/04\/Loading_Screen_Icebox-1536x864.webp 1536w\"\n\t\t\t\t\t\t\t\t\t\t\t\talt=\"\"\n\t\t\t\t\t\t\/>\n\t\t\t\t\t\t\t\t\n\t\t\t<img class=\"e-image-base \" \n\t\t\t\t\tdata-interaction-id=\"0287078\" \n\t\t \n\t\t data-e-type=\"widget\" data-id=\"0287078\"\n\t\t\t\t\t\t\t\t\tid=\"285\"\n\t\t\t\t\t\t\t\t\t\t\t\tsrc=\"https:\/\/fragmind.fr\/wp-content\/uploads\/2026\/04\/Loading_Screen_Breeze.webp\"\n\t\t\t\t\t\t\t\t\t\t\t\twidth=\"2560\"\n\t\t\t\t\t\t\t\t\t\t\t\theight=\"1440\"\n\t\t\t\t\t\t\t\t\t\t\t\tsrcset=\"https:\/\/fragmind.fr\/wp-content\/uploads\/2026\/04\/Loading_Screen_Breeze.webp 2560w, https:\/\/fragmind.fr\/wp-content\/uploads\/2026\/04\/Loading_Screen_Breeze-300x169.webp 300w, https:\/\/fragmind.fr\/wp-content\/uploads\/2026\/04\/Loading_Screen_Breeze-1024x576.webp 1024w, https:\/\/fragmind.fr\/wp-content\/uploads\/2026\/04\/Loading_Screen_Breeze-768x432.webp 768w, https:\/\/fragmind.fr\/wp-content\/uploads\/2026\/04\/Loading_Screen_Breeze-1536x864.webp 1536w, https:\/\/fragmind.fr\/wp-content\/uploads\/2026\/04\/Loading_Screen_Breeze-2048x1152.webp 2048w\"\n\t\t\t\t\t\t\t\t\t\t\t\talt=\"\"\n\t\t\t\t\t\t\/>\n\t\t\t\t\t\t<\/div>\n\t\t\t\t<\/div>\n\t\t<div class=\"elementor-element elementor-element-fa451c6 e-grid e-con-boxed e-con e-parent\" data-id=\"fa451c6\" data-element_type=\"container\" data-e-type=\"container\">\n\t\t\t\t\t<div class=\"e-con-inner\">\n\t\t\t\t\t\t\t<h2 \n\t\tdata-interaction-id=\"d9d7af1\" \n\t\tclass=\"e-heading-base\" \n\t\t \n\t\tdata-e-type=\"widget\" data-id=\"d9d7af1\"\n\t>\n\t\n\t\t\t<a \n\t\t\thref=\"https:\/\/fragmind.fr\/?p=171\" target=\"_self\"\n\t\t\tclass=\"e-heading-link-base\">\n\t\t\tSunset\n\t\t<\/a>\n\t\t<\/h2>\n\t\t\t\t\t\t\t<h2 \n\t\tdata-interaction-id=\"5c36f67\" \n\t\tclass=\"e-heading-base\" \n\t\t \n\t\tdata-e-type=\"widget\" data-id=\"5c36f67\"\n\t>\n\t\n\t\t\t<a \n\t\t\thref=\"https:\/\/fragmind.fr\/?p=169\" target=\"_self\"\n\t\t\tclass=\"e-heading-link-base\">\n\t\t\tLotus\n\t\t<\/a>\n\t\t<\/h2>\n\t\t\t\t\t\t\t<h2 \n\t\tdata-interaction-id=\"e378a06\" \n\t\tclass=\"e-heading-base\" \n\t\t \n\t\tdata-e-type=\"widget\" data-id=\"e378a06\"\n\t>\n\t\n\t\t\t<a \n\t\t\thref=\"https:\/\/fragmind.fr\/?p=173\" target=\"_self\"\n\t\t\tclass=\"e-heading-link-base\">\n\t\t\tAbyss\n\t\t<\/a>\n\t\t<\/h2>\n\t\t\t\t\t\t\t\n\t\t\t<img class=\"e-image-base \" \n\t\t\t\t\tdata-interaction-id=\"a581231\" \n\t\t \n\t\t data-e-type=\"widget\" data-id=\"a581231\"\n\t\t\t\t\t\t\t\t\tid=\"250\"\n\t\t\t\t\t\t\t\t\t\t\t\tsrc=\"https:\/\/fragmind.fr\/wp-content\/uploads\/2026\/04\/Sunset_chargement.webp\"\n\t\t\t\t\t\t\t\t\t\t\t\twidth=\"1920\"\n\t\t\t\t\t\t\t\t\t\t\t\theight=\"1080\"\n\t\t\t\t\t\t\t\t\t\t\t\tsrcset=\"https:\/\/fragmind.fr\/wp-content\/uploads\/2026\/04\/Sunset_chargement.webp 1920w, https:\/\/fragmind.fr\/wp-content\/uploads\/2026\/04\/Sunset_chargement-300x169.webp 300w, https:\/\/fragmind.fr\/wp-content\/uploads\/2026\/04\/Sunset_chargement-1024x576.webp 1024w, https:\/\/fragmind.fr\/wp-content\/uploads\/2026\/04\/Sunset_chargement-768x432.webp 768w, https:\/\/fragmind.fr\/wp-content\/uploads\/2026\/04\/Sunset_chargement-1536x864.webp 1536w\"\n\t\t\t\t\t\t\t\t\t\t\t\talt=\"\"\n\t\t\t\t\t\t\/>\n\t\t\t\t\t\t\t\t\n\t\t\t<img class=\"e-image-base \" \n\t\t\t\t\tdata-interaction-id=\"537667d\" \n\t\t \n\t\t data-e-type=\"widget\" data-id=\"537667d\"\n\t\t\t\t\t\t\t\t\tid=\"245\"\n\t\t\t\t\t\t\t\t\t\t\t\tsrc=\"https:\/\/fragmind.fr\/wp-content\/uploads\/2026\/04\/Lotus_chargement.webp\"\n\t\t\t\t\t\t\t\t\t\t\t\twidth=\"1920\"\n\t\t\t\t\t\t\t\t\t\t\t\theight=\"1080\"\n\t\t\t\t\t\t\t\t\t\t\t\tsrcset=\"https:\/\/fragmind.fr\/wp-content\/uploads\/2026\/04\/Lotus_chargement.webp 1920w, https:\/\/fragmind.fr\/wp-content\/uploads\/2026\/04\/Lotus_chargement-300x169.webp 300w, https:\/\/fragmind.fr\/wp-content\/uploads\/2026\/04\/Lotus_chargement-1024x576.webp 1024w, https:\/\/fragmind.fr\/wp-content\/uploads\/2026\/04\/Lotus_chargement-768x432.webp 768w, https:\/\/fragmind.fr\/wp-content\/uploads\/2026\/04\/Lotus_chargement-1536x864.webp 1536w\"\n\t\t\t\t\t\t\t\t\t\t\t\talt=\"\"\n\t\t\t\t\t\t\/>\n\t\t\t\t\t\t\t\t\n\t\t\t<img class=\"e-image-base \" \n\t\t\t\t\tdata-interaction-id=\"2998846\" \n\t\t \n\t\t data-e-type=\"widget\" data-id=\"2998846\"\n\t\t\t\t\t\t\t\t\tid=\"255\"\n\t\t\t\t\t\t\t\t\t\t\t\tsrc=\"https:\/\/fragmind.fr\/wp-content\/uploads\/2026\/04\/Abyss_chargement.webp\"\n\t\t\t\t\t\t\t\t\t\t\t\twidth=\"1920\"\n\t\t\t\t\t\t\t\t\t\t\t\theight=\"1080\"\n\t\t\t\t\t\t\t\t\t\t\t\tsrcset=\"https:\/\/fragmind.fr\/wp-content\/uploads\/2026\/04\/Abyss_chargement.webp 1920w, https:\/\/fragmind.fr\/wp-content\/uploads\/2026\/04\/Abyss_chargement-300x169.webp 300w, https:\/\/fragmind.fr\/wp-content\/uploads\/2026\/04\/Abyss_chargement-1024x576.webp 1024w, https:\/\/fragmind.fr\/wp-content\/uploads\/2026\/04\/Abyss_chargement-768x432.webp 768w, https:\/\/fragmind.fr\/wp-content\/uploads\/2026\/04\/Abyss_chargement-1536x864.webp 1536w\"\n\t\t\t\t\t\t\t\t\t\t\t\talt=\"\"\n\t\t\t\t\t\t\/>\n\t\t\t\t\t\t<\/div>\n\t\t\t\t<\/div>\n\t\t<div class=\"elementor-element elementor-element-34fa9e5 e-grid e-con-boxed e-con e-parent\" data-id=\"34fa9e5\" data-element_type=\"container\" data-e-type=\"container\">\n\t\t\t\t\t<div class=\"e-con-inner\">\n\t\t\t\t\t\t\t<h2 \n\t\tdata-interaction-id=\"a3af791\" \n\t\tclass=\"e-heading-base\" \n\t\t \n\t\tdata-e-type=\"widget\" data-id=\"a3af791\"\n\t>\n\t\n\t\t\t<a \n\t\t\thref=\"https:\/\/fragmind.fr\/?p=165\" target=\"_self\"\n\t\t\tclass=\"e-heading-link-base\">\n\t\t\tFracture\n\t\t<\/a>\n\t\t<\/h2>\n\t\t\t\t\t\t\t<h2 \n\t\tdata-interaction-id=\"e022515\" \n\t\tclass=\"e-heading-base\" \n\t\t \n\t\tdata-e-type=\"widget\" data-id=\"e022515\"\n\t>\n\t\n\t\t\t<a \n\t\t\thref=\"https:\/\/fragmind.fr\/?p=167\" target=\"_self\"\n\t\t\tclass=\"e-heading-link-base\">\n\t\t\tPearl\n\t\t<\/a>\n\t\t<\/h2>\n\t\t\t\t\t\t\t<h2 \n\t\tdata-interaction-id=\"6307035\" \n\t\tclass=\"e-heading-base\" \n\t\t \n\t\tdata-e-type=\"widget\" data-id=\"6307035\"\n\t>\n\t\n\t\t\t<a \n\t\t\thref=\"https:\/\/fragmind.fr\/?p=461\" target=\"_self\"\n\t\t\tclass=\"e-heading-link-base\">\n\t\t\tCorrode\n\t\t<\/a>\n\t\t<\/h2>\n\t\t\t\t\t\t\t\n\t\t\t<img class=\"e-image-base \" \n\t\t\t\t\tdata-interaction-id=\"5bc757a\" \n\t\t \n\t\t data-e-type=\"widget\" data-id=\"5bc757a\"\n\t\t\t\t\t\t\t\t\tid=\"290\"\n\t\t\t\t\t\t\t\t\t\t\t\tsrc=\"https:\/\/fragmind.fr\/wp-content\/uploads\/2026\/04\/Loading_Screen_Fracture.webp\"\n\t\t\t\t\t\t\t\t\t\t\t\twidth=\"1920\"\n\t\t\t\t\t\t\t\t\t\t\t\theight=\"1080\"\n\t\t\t\t\t\t\t\t\t\t\t\tsrcset=\"https:\/\/fragmind.fr\/wp-content\/uploads\/2026\/04\/Loading_Screen_Fracture.webp 1920w, https:\/\/fragmind.fr\/wp-content\/uploads\/2026\/04\/Loading_Screen_Fracture-300x169.webp 300w, https:\/\/fragmind.fr\/wp-content\/uploads\/2026\/04\/Loading_Screen_Fracture-1024x576.webp 1024w, https:\/\/fragmind.fr\/wp-content\/uploads\/2026\/04\/Loading_Screen_Fracture-768x432.webp 768w, https:\/\/fragmind.fr\/wp-content\/uploads\/2026\/04\/Loading_Screen_Fracture-1536x864.webp 1536w\"\n\t\t\t\t\t\t\t\t\t\t\t\talt=\"\"\n\t\t\t\t\t\t\/>\n\t\t\t\t\t\t\t\t\n\t\t\t<img class=\"e-image-base \" \n\t\t\t\t\tdata-interaction-id=\"efffe73\" \n\t\t \n\t\t data-e-type=\"widget\" data-id=\"efffe73\"\n\t\t\t\t\t\t\t\t\tid=\"240\"\n\t\t\t\t\t\t\t\t\t\t\t\tsrc=\"https:\/\/fragmind.fr\/wp-content\/uploads\/2026\/04\/Loading_Screen_Pearl.webp\"\n\t\t\t\t\t\t\t\t\t\t\t\twidth=\"1920\"\n\t\t\t\t\t\t\t\t\t\t\t\theight=\"1080\"\n\t\t\t\t\t\t\t\t\t\t\t\tsrcset=\"https:\/\/fragmind.fr\/wp-content\/uploads\/2026\/04\/Loading_Screen_Pearl.webp 1920w, https:\/\/fragmind.fr\/wp-content\/uploads\/2026\/04\/Loading_Screen_Pearl-300x169.webp 300w, https:\/\/fragmind.fr\/wp-content\/uploads\/2026\/04\/Loading_Screen_Pearl-1024x576.webp 1024w, https:\/\/fragmind.fr\/wp-content\/uploads\/2026\/04\/Loading_Screen_Pearl-768x432.webp 768w, https:\/\/fragmind.fr\/wp-content\/uploads\/2026\/04\/Loading_Screen_Pearl-1536x864.webp 1536w\"\n\t\t\t\t\t\t\t\t\t\t\t\talt=\"\"\n\t\t\t\t\t\t\/>\n\t\t\t\t\t\t\t\t\n\t\t\t<img class=\"e-image-base \" \n\t\t\t\t\tdata-interaction-id=\"35c4747\" \n\t\t \n\t\t data-e-type=\"widget\" data-id=\"35c4747\"\n\t\t\t\t\t\t\t\t\tid=\"457\"\n\t\t\t\t\t\t\t\t\t\t\t\tsrc=\"https:\/\/fragmind.fr\/wp-content\/uploads\/2026\/04\/Loading_Screen_Corrode.webp\"\n\t\t\t\t\t\t\t\t\t\t\t\twidth=\"1920\"\n\t\t\t\t\t\t\t\t\t\t\t\theight=\"1080\"\n\t\t\t\t\t\t\t\t\t\t\t\tsrcset=\"https:\/\/fragmind.fr\/wp-content\/uploads\/2026\/04\/Loading_Screen_Corrode.webp 1920w, https:\/\/fragmind.fr\/wp-content\/uploads\/2026\/04\/Loading_Screen_Corrode-300x169.webp 300w, https:\/\/fragmind.fr\/wp-content\/uploads\/2026\/04\/Loading_Screen_Corrode-1024x576.webp 1024w, https:\/\/fragmind.fr\/wp-content\/uploads\/2026\/04\/Loading_Screen_Corrode-768x432.webp 768w, https:\/\/fragmind.fr\/wp-content\/uploads\/2026\/04\/Loading_Screen_Corrode-1536x864.webp 1536w\"\n\t\t\t\t\t\t\t\t\t\t\t\talt=\"\"\n\t\t\t\t\t\t\/>\n\t\t\t\t\t\t<\/div>\n\t\t\t\t<\/div>\n\t\t\t\t<div class=\"elementor-element elementor-element-adb1ab7 e-con e-atomic-element e-flexbox-base\" data-id=\"adb1ab7\" data-element_type=\"e-flexbox\" data-e-type=\"e-flexbox\" data-interaction-id=\"adb1ab7\" data-e-type=\"e-flexbox\" data-id=\"adb1ab7\">\n\t\t\t\t\t\n<hr class=\"e-divider-base\" data-interaction-id=\"c2444c4\"  data-e-type=\"widget\" data-id=\"c2444c4\" \/>\n\t\t\t\t<\/div>\n\t\t\t\t<\/div>\n\t\t","protected":false},"excerpt":{"rendered":"<p>Toutes les maps de Valorant \u2013 guides et astuces Bienvenue sur la page d\u00e9di\u00e9e aux maps de Valorant.Ici tu retrouveras [&hellip;]<\/p>\n","protected":false},"author":1,"featured_media":0,"parent":0,"menu_order":0,"comment_status":"closed","ping_status":"closed","template":"","meta":{"site-sidebar-layout":"no-sidebar","site-content-layout":"","ast-site-content-layout":"full-width-container","site-content-style":"default","site-sidebar-style":"default","ast-global-header-display":"","ast-banner-title-visibility":"","ast-main-header-display":"","ast-hfb-above-header-display":"","ast-hfb-below-header-display":"","ast-hfb-mobile-header-display":"","site-post-title":"","ast-breadcrumbs-content":"","ast-featured-img":"disabled","footer-sml-layout":"","ast-disable-related-posts":"","theme-transparent-header-meta":"","adv-header-id-meta":"","stick-header-meta":"","header-above-stick-meta":"","header-main-stick-meta":"","header-below-stick-meta":"","astra-migrate-meta-layouts":"default","ast-page-background-enabled":"default","ast-page-background-meta":{"desktop":{"background-color":"var(--ast-global-color-5)","background-image":"","background-repeat":"repeat","background-position":"center center","background-size":"auto","background-attachment":"scroll","background-type":"","background-media":"","overlay-type":"","overlay-color":"","overlay-opacity":"","overlay-gradient":""},"tablet":{"background-color":"","background-image":"","background-repeat":"repeat","background-position":"center center","background-size":"auto","background-attachment":"scroll","background-type":"","background-media":"","overlay-type":"","overlay-color":"","overlay-opacity":"","overlay-gradient":""},"mobile":{"background-color":"","background-image":"","background-repeat":"repeat","background-position":"center center","background-size":"auto","background-attachment":"scroll","background-type":"","background-media":"","overlay-type":"","overlay-color":"","overlay-opacity":"","overlay-gradient":""}},"ast-content-background-meta":{"desktop":{"background-color":"var(--ast-global-color-4)","background-image":"","background-repeat":"repeat","background-position":"center center","background-size":"auto","background-attachment":"scroll","background-type":"","background-media":"","overlay-type":"","overlay-color":"","overlay-opacity":"","overlay-gradient":""},"tablet":{"background-color":"var(--ast-global-color-4)","background-image":"","background-repeat":"repeat","background-position":"center center","background-size":"auto","background-attachment":"scroll","background-type":"","background-media":"","overlay-type":"","overlay-color":"","overlay-opacity":"","overlay-gradient":""},"mobile":{"background-color":"var(--ast-global-color-4)","background-image":"","background-repeat":"repeat","background-position":"center center","background-size":"auto","background-attachment":"scroll","background-type":"","background-media":"","overlay-type":"","overlay-color":"","overlay-opacity":"","overlay-gradient":""}},"footnotes":""},"class_list":["post-175","page","type-page","status-publish","hentry"],"_links":{"self":[{"href":"https:\/\/fragmind.fr\/index.php?rest_route=\/wp\/v2\/pages\/175","targetHints":{"allow":["GET"]}}],"collection":[{"href":"https:\/\/fragmind.fr\/index.php?rest_route=\/wp\/v2\/pages"}],"about":[{"href":"https:\/\/fragmind.fr\/index.php?rest_route=\/wp\/v2\/types\/page"}],"author":[{"embeddable":true,"href":"https:\/\/fragmind.fr\/index.php?rest_route=\/wp\/v2\/users\/1"}],"replies":[{"embeddable":true,"href":"https:\/\/fragmind.fr\/index.php?rest_route=%2Fwp%2Fv2%2Fcomments&post=175"}],"version-history":[{"count":25,"href":"https:\/\/fragmind.fr\/index.php?rest_route=\/wp\/v2\/pages\/175\/revisions"}],"predecessor-version":[{"id":544,"href":"https:\/\/fragmind.fr\/index.php?rest_route=\/wp\/v2\/pages\/175\/revisions\/544"}],"wp:attachment":[{"href":"https:\/\/fragmind.fr\/index.php?rest_route=%2Fwp%2Fv2%2Fmedia&parent=175"}],"curies":[{"name":"wp","href":"https:\/\/api.w.org\/{rel}","templated":true}]}}